{"id":32,"date":"2021-12-31T11:45:59","date_gmt":"2021-12-31T10:45:59","guid":{"rendered":"https:\/\/www.domainelagrandebauquiere.com\/boutique\/en\/?post_type=product&#038;p=32"},"modified":"2022-05-23T17:22:07","modified_gmt":"2022-05-23T15:22:07","slug":"b-creation-rouge","status":"publish","type":"product","link":"https:\/\/www.domainelagrandebauquiere.com\/boutique\/en\/produit\/b-creation-rouge\/","title":{"rendered":"B Cr\u00e9ation &#8211; Rouge"},"content":{"rendered":"","protected":false},"excerpt":{"rendered":"<p>B cr\u00e9ation la grande bauqui\u00e8re Rouge<\/p>\n<p>AOP C\u00f4tes de Provence 2020<\/p>\n","protected":false},"featured_media":35,"template":"","meta":[],"product_cat":[17],"product_tag":[31,32,33,34,35,22,36,37,38,39],"class_list":["post-32","product","type-product","status-publish","has-post-thumbnail","hentry","product_cat-b","product_tag-blackberry","product_tag-blackcurrant","product_tag-carignan","product_tag-currant","product_tag-grenache","product_tag-grilled-food","product_tag-red","product_tag-red-fruits","product_tag-syrah","product_tag-woody"],"_links":{"self":[{"href":"https:\/\/www.domainelagrandebauquiere.com\/boutique\/en\/wp-json\/wp\/v2\/product\/32"}],"collection":[{"href":"https:\/\/www.domainelagrandebauquiere.com\/boutique\/en\/wp-json\/wp\/v2\/product"}],"about":[{"href":"https:\/\/www.domainelagrandebauquiere.com\/boutique\/en\/wp-json\/wp\/v2\/types\/product"}],"wp:featuredmedia":[{"embeddable":true,"href":"https:\/\/www.domainelagrandebauquiere.com\/boutique\/en\/wp-json\/wp\/v2\/media\/35"}],"wp:attachment":[{"href":"https:\/\/www.domainelagrandebauquiere.com\/boutique\/en\/wp-json\/wp\/v2\/media?parent=32"}],"wp:term":[{"taxonomy":"product_cat","embeddable":true,"href":"https:\/\/www.domainelagrandebauquiere.com\/boutique\/en\/wp-json\/wp\/v2\/product_cat?post=32"},{"taxonomy":"product_tag","embeddable":true,"href":"https:\/\/www.domainelagrandebauquiere.com\/boutique\/en\/wp-json\/wp\/v2\/product_tag?post=32"}],"curies":[{"name":"wp","href":"https:\/\/api.w.org\/{rel}","templated":true}]}}