{"id":29,"date":"2021-12-31T11:25:57","date_gmt":"2021-12-31T10:25:57","guid":{"rendered":"https:\/\/www.domainelagrandebauquiere.com\/boutique\/en\/?post_type=product&#038;p=29"},"modified":"2022-05-23T17:22:21","modified_gmt":"2022-05-23T15:22:21","slug":"b-creation-blanc","status":"publish","type":"product","link":"https:\/\/www.domainelagrandebauquiere.com\/boutique\/en\/produit\/b-creation-blanc\/","title":{"rendered":"B Cr\u00e9ation &#8211; Blanc"},"content":{"rendered":"","protected":false},"excerpt":{"rendered":"<p>B cr\u00e9ation la grande bauqui\u00e8re Blanc<\/p>\n<p>AOP C\u00f4tes de Provence 2020<\/p>\n","protected":false},"featured_media":31,"template":"","meta":[],"product_cat":[17],"product_tag":[21,27,25,28,29,30],"class_list":["post-29","product","type-product","status-publish","has-post-thumbnail","hentry","product_cat-b","product_tag-aperitif","product_tag-citrus","product_tag-seafood","product_tag-vermentino","product_tag-white","product_tag-white-flower"],"_links":{"self":[{"href":"https:\/\/www.domainelagrandebauquiere.com\/boutique\/en\/wp-json\/wp\/v2\/product\/29"}],"collection":[{"href":"https:\/\/www.domainelagrandebauquiere.com\/boutique\/en\/wp-json\/wp\/v2\/product"}],"about":[{"href":"https:\/\/www.domainelagrandebauquiere.com\/boutique\/en\/wp-json\/wp\/v2\/types\/product"}],"wp:featuredmedia":[{"embeddable":true,"href":"https:\/\/www.domainelagrandebauquiere.com\/boutique\/en\/wp-json\/wp\/v2\/media\/31"}],"wp:attachment":[{"href":"https:\/\/www.domainelagrandebauquiere.com\/boutique\/en\/wp-json\/wp\/v2\/media?parent=29"}],"wp:term":[{"taxonomy":"product_cat","embeddable":true,"href":"https:\/\/www.domainelagrandebauquiere.com\/boutique\/en\/wp-json\/wp\/v2\/product_cat?post=29"},{"taxonomy":"product_tag","embeddable":true,"href":"https:\/\/www.domainelagrandebauquiere.com\/boutique\/en\/wp-json\/wp\/v2\/product_tag?post=29"}],"curies":[{"name":"wp","href":"https:\/\/api.w.org\/{rel}","templated":true}]}}