{"id":26,"date":"2021-12-31T11:17:03","date_gmt":"2021-12-31T10:17:03","guid":{"rendered":"https:\/\/www.domainelagrandebauquiere.com\/boutique\/en\/?post_type=product&#038;p=26"},"modified":"2022-05-23T17:22:31","modified_gmt":"2022-05-23T15:22:31","slug":"b-creation-rose","status":"publish","type":"product","link":"https:\/\/www.domainelagrandebauquiere.com\/boutique\/en\/produit\/b-creation-rose\/","title":{"rendered":"B Cr\u00e9ation &#8211; Ros\u00e9"},"content":{"rendered":"","protected":false},"excerpt":{"rendered":"<p>B cr\u00e9ation la grande bauqui\u00e8re Ros\u00e9<\/p>\n<p>AOP C\u00f4tes de Provence 2020<\/p>\n","protected":false},"featured_media":28,"template":"","meta":[],"product_cat":[17],"product_tag":[21,22,23,24,25,26],"class_list":["post-26","product","type-product","status-publish","has-post-thumbnail","hentry","product_cat-b","product_tag-aperitif","product_tag-grilled-food","product_tag-lychee","product_tag-rose","product_tag-seafood","product_tag-summer-dishes"],"_links":{"self":[{"href":"https:\/\/www.domainelagrandebauquiere.com\/boutique\/en\/wp-json\/wp\/v2\/product\/26"}],"collection":[{"href":"https:\/\/www.domainelagrandebauquiere.com\/boutique\/en\/wp-json\/wp\/v2\/product"}],"about":[{"href":"https:\/\/www.domainelagrandebauquiere.com\/boutique\/en\/wp-json\/wp\/v2\/types\/product"}],"wp:featuredmedia":[{"embeddable":true,"href":"https:\/\/www.domainelagrandebauquiere.com\/boutique\/en\/wp-json\/wp\/v2\/media\/28"}],"wp:attachment":[{"href":"https:\/\/www.domainelagrandebauquiere.com\/boutique\/en\/wp-json\/wp\/v2\/media?parent=26"}],"wp:term":[{"taxonomy":"product_cat","embeddable":true,"href":"https:\/\/www.domainelagrandebauquiere.com\/boutique\/en\/wp-json\/wp\/v2\/product_cat?post=26"},{"taxonomy":"product_tag","embeddable":true,"href":"https:\/\/www.domainelagrandebauquiere.com\/boutique\/en\/wp-json\/wp\/v2\/product_tag?post=26"}],"curies":[{"name":"wp","href":"https:\/\/api.w.org\/{rel}","templated":true}]}}